{"id":2734,"date":"2025-12-04T18:52:15","date_gmt":"2025-12-04T22:52:15","guid":{"rendered":"https:\/\/ppgpsico.ufms.br\/?page_id=2734"},"modified":"2025-12-29T11:54:46","modified_gmt":"2025-12-29T15:54:46","slug":"procedimentos-para-a-finalizacao-do-curso-de-mestrado","status":"publish","type":"page","link":"https:\/\/ppgpsico.ufms.br\/en\/procedimentos-para-a-finalizacao-do-curso-de-mestrado\/","title":{"rendered":"(Portugu\u00eas do Brasil) Procedimentos para a Finaliza\u00e7\u00e3o do Curso de Mestrado"},"content":{"rendered":"<p class=\"qtranxs-available-languages-message qtranxs-available-languages-message-en\">Sorry, this entry is only available in <a href=\"https:\/\/ppgpsico.ufms.br\/pb\/wp-json\/wp\/v2\/pages\/2734\" class=\"qtranxs-available-language-link qtranxs-available-language-link-pb\" title=\"Portugu\u00eas do Brasil\">Portugu\u00eas do Brasil<\/a>.<\/p>","protected":false},"excerpt":{"rendered":"<p>Sorry, this entry is only available in Portugu\u00eas do Brasil.<\/p>\n","protected":false},"author":796,"featured_media":0,"parent":0,"menu_order":0,"comment_status":"closed","ping_status":"closed","template":"","meta":{"ngg_post_thumbnail":0,"footnotes":""},"coauthors":[74],"class_list":["post-2734","page","type-page","status-publish","hentry"],"yoast_head":"<!-- This site is optimized with the Yoast SEO plugin v26.2 - https:\/\/yoast.com\/wordpress\/plugins\/seo\/ -->\n<title><\/title>\n<meta name=\"robots\" content=\"index, follow, max-snippet:-1, max-image-preview:large, max-video-preview:-1\" \/>\n<link rel=\"canonical\" href=\"https:\/\/ppgpsico.ufms.br\/procedimentos-para-a-finalizacao-do-curso-de-mestrado\/\" \/>\n<meta property=\"og:locale\" content=\"en_US\" \/>\n<meta property=\"og:type\" content=\"article\" \/>\n<meta property=\"og:title\" content=\"[:pb]Procedimentos para a Finaliza\u00e7\u00e3o do Curso de Mestrado[:] - Graduate Program in Psychology\" \/>\n<meta property=\"og:description\" content=\"Sorry, this entry is only available in Portugu\u00eas do Brasil.\" \/>\n<meta property=\"og:url\" content=\"https:\/\/ppgpsico.ufms.br\/procedimentos-para-a-finalizacao-do-curso-de-mestrado\/\" \/>\n<meta property=\"og:site_name\" content=\"Graduate Program in Psychology\" \/>\n<meta property=\"article:modified_time\" content=\"2025-12-29T15:54:46+00:00\" \/>\n<meta property=\"og:image\" content=\"https:\/\/ppgpsico.ufms.br\/files\/2025\/12\/IMAGEM-FINALIZACAO-DO-CURSO.png\" \/>\n\t<meta property=\"og:image:width\" content=\"692\" \/>\n\t<meta property=\"og:image:height\" content=\"446\" \/>\n\t<meta property=\"og:image:type\" content=\"image\/png\" \/>\n<meta name=\"twitter:card\" content=\"summary_large_image\" \/>\n<meta name=\"twitter:label1\" content=\"Est. reading time\" \/>\n\t<meta name=\"twitter:data1\" content=\"3 minutes\" \/>\n\t<meta name=\"twitter:label2\" content=\"Written by\" \/>\n\t<meta name=\"twitter:data2\" content=\"Eduardo Ramirez Meza\" \/>\n<script type=\"application\/ld+json\" class=\"yoast-schema-graph\">{\"@context\":\"https:\/\/schema.org\",\"@graph\":[{\"@type\":\"WebPage\",\"@id\":\"https:\/\/ppgpsico.ufms.br\/procedimentos-para-a-finalizacao-do-curso-de-mestrado\/\",\"url\":\"https:\/\/ppgpsico.ufms.br\/procedimentos-para-a-finalizacao-do-curso-de-mestrado\/\",\"name\":\"[:pb]Procedimentos para a Finaliza\u00e7\u00e3o do Curso de Mestrado[:] - Graduate Program in Psychology\",\"isPartOf\":{\"@id\":\"https:\/\/ppgpsico.ufms.br\/#website\"},\"primaryImageOfPage\":{\"@id\":\"https:\/\/ppgpsico.ufms.br\/procedimentos-para-a-finalizacao-do-curso-de-mestrado\/#primaryimage\"},\"image\":{\"@id\":\"https:\/\/ppgpsico.ufms.br\/procedimentos-para-a-finalizacao-do-curso-de-mestrado\/#primaryimage\"},\"thumbnailUrl\":\"https:\/\/ppgpsico.ufms.br\/files\/2025\/12\/IMAGEM-FINALIZACAO-DO-CURSO-150x150.png\",\"datePublished\":\"2025-12-04T22:52:15+00:00\",\"dateModified\":\"2025-12-29T15:54:46+00:00\",\"breadcrumb\":{\"@id\":\"https:\/\/ppgpsico.ufms.br\/procedimentos-para-a-finalizacao-do-curso-de-mestrado\/#breadcrumb\"},\"inLanguage\":\"en-US\",\"potentialAction\":[{\"@type\":\"ReadAction\",\"target\":[\"https:\/\/ppgpsico.ufms.br\/procedimentos-para-a-finalizacao-do-curso-de-mestrado\/\"]}]},{\"@type\":\"ImageObject\",\"inLanguage\":\"en-US\",\"@id\":\"https:\/\/ppgpsico.ufms.br\/procedimentos-para-a-finalizacao-do-curso-de-mestrado\/#primaryimage\",\"url\":\"https:\/\/ppgpsico.ufms.br\/files\/2025\/12\/IMAGEM-FINALIZACAO-DO-CURSO-150x150.png\",\"contentUrl\":\"https:\/\/ppgpsico.ufms.br\/files\/2025\/12\/IMAGEM-FINALIZACAO-DO-CURSO-150x150.png\"},{\"@type\":\"BreadcrumbList\",\"@id\":\"https:\/\/ppgpsico.ufms.br\/procedimentos-para-a-finalizacao-do-curso-de-mestrado\/#breadcrumb\",\"itemListElement\":[{\"@type\":\"ListItem\",\"position\":1,\"name\":\"In\u00edcio\",\"item\":\"https:\/\/ppgpsico.ufms.br\/\"},{\"@type\":\"ListItem\",\"position\":2,\"name\":\"Procedimentos para a Finaliza\u00e7\u00e3o do Curso de Mestrado\"}]},{\"@type\":\"WebSite\",\"@id\":\"https:\/\/ppgpsico.ufms.br\/#website\",\"url\":\"https:\/\/ppgpsico.ufms.br\/\",\"name\":\"Graduate Program in Psychology\",\"description\":\"Master\u2019s Degree in Psychology\",\"potentialAction\":[{\"@type\":\"SearchAction\",\"target\":{\"@type\":\"EntryPoint\",\"urlTemplate\":\"https:\/\/ppgpsico.ufms.br\/?s={search_term_string}\"},\"query-input\":{\"@type\":\"PropertyValueSpecification\",\"valueRequired\":true,\"valueName\":\"search_term_string\"}}],\"inLanguage\":\"en-US\"}]}<\/script>\n<!-- \/ Yoast SEO plugin. -->","yoast_head_json":{"title":"[:pb]Procedimentos para a Finaliza\u00e7\u00e3o do Curso de Mestrado[:] - Graduate Program in Psychology","robots":{"index":"index","follow":"follow","max-snippet":"max-snippet:-1","max-image-preview":"max-image-preview:large","max-video-preview":"max-video-preview:-1"},"canonical":"https:\/\/ppgpsico.ufms.br\/procedimentos-para-a-finalizacao-do-curso-de-mestrado\/","og_locale":"en_US","og_type":"article","og_title":"[:pb]Procedimentos para a Finaliza\u00e7\u00e3o do Curso de Mestrado[:] - Graduate Program in Psychology","og_description":"Sorry, this entry is only available in Portugu\u00eas do Brasil.","og_url":"https:\/\/ppgpsico.ufms.br\/procedimentos-para-a-finalizacao-do-curso-de-mestrado\/","og_site_name":"Graduate Program in Psychology","article_modified_time":"2025-12-29T15:54:46+00:00","og_image":[{"width":692,"height":446,"url":"https:\/\/ppgpsico.ufms.br\/files\/2025\/12\/IMAGEM-FINALIZACAO-DO-CURSO.png","type":"image\/png"}],"twitter_card":"summary_large_image","twitter_misc":{"Est. reading time":"3 minutes","Written by":"Eduardo Ramirez Meza"},"schema":{"@context":"https:\/\/schema.org","@graph":[{"@type":"WebPage","@id":"https:\/\/ppgpsico.ufms.br\/procedimentos-para-a-finalizacao-do-curso-de-mestrado\/","url":"https:\/\/ppgpsico.ufms.br\/procedimentos-para-a-finalizacao-do-curso-de-mestrado\/","name":"[:pb]Procedimentos para a Finaliza\u00e7\u00e3o do Curso de Mestrado[:] - Graduate Program in Psychology","isPartOf":{"@id":"https:\/\/ppgpsico.ufms.br\/#website"},"primaryImageOfPage":{"@id":"https:\/\/ppgpsico.ufms.br\/procedimentos-para-a-finalizacao-do-curso-de-mestrado\/#primaryimage"},"image":{"@id":"https:\/\/ppgpsico.ufms.br\/procedimentos-para-a-finalizacao-do-curso-de-mestrado\/#primaryimage"},"thumbnailUrl":"https:\/\/ppgpsico.ufms.br\/files\/2025\/12\/IMAGEM-FINALIZACAO-DO-CURSO-150x150.png","datePublished":"2025-12-04T22:52:15+00:00","dateModified":"2025-12-29T15:54:46+00:00","breadcrumb":{"@id":"https:\/\/ppgpsico.ufms.br\/procedimentos-para-a-finalizacao-do-curso-de-mestrado\/#breadcrumb"},"inLanguage":"en-US","potentialAction":[{"@type":"ReadAction","target":["https:\/\/ppgpsico.ufms.br\/procedimentos-para-a-finalizacao-do-curso-de-mestrado\/"]}]},{"@type":"ImageObject","inLanguage":"en-US","@id":"https:\/\/ppgpsico.ufms.br\/procedimentos-para-a-finalizacao-do-curso-de-mestrado\/#primaryimage","url":"https:\/\/ppgpsico.ufms.br\/files\/2025\/12\/IMAGEM-FINALIZACAO-DO-CURSO-150x150.png","contentUrl":"https:\/\/ppgpsico.ufms.br\/files\/2025\/12\/IMAGEM-FINALIZACAO-DO-CURSO-150x150.png"},{"@type":"BreadcrumbList","@id":"https:\/\/ppgpsico.ufms.br\/procedimentos-para-a-finalizacao-do-curso-de-mestrado\/#breadcrumb","itemListElement":[{"@type":"ListItem","position":1,"name":"In\u00edcio","item":"https:\/\/ppgpsico.ufms.br\/"},{"@type":"ListItem","position":2,"name":"Procedimentos para a Finaliza\u00e7\u00e3o do Curso de Mestrado"}]},{"@type":"WebSite","@id":"https:\/\/ppgpsico.ufms.br\/#website","url":"https:\/\/ppgpsico.ufms.br\/","name":"Graduate Program in Psychology","description":"Master\u2019s Degree in Psychology","potentialAction":[{"@type":"SearchAction","target":{"@type":"EntryPoint","urlTemplate":"https:\/\/ppgpsico.ufms.br\/?s={search_term_string}"},"query-input":{"@type":"PropertyValueSpecification","valueRequired":true,"valueName":"search_term_string"}}],"inLanguage":"en-US"}]}},"_links":{"self":[{"href":"https:\/\/ppgpsico.ufms.br\/en\/wp-json\/wp\/v2\/pages\/2734","targetHints":{"allow":["GET"]}}],"collection":[{"href":"https:\/\/ppgpsico.ufms.br\/en\/wp-json\/wp\/v2\/pages"}],"about":[{"href":"https:\/\/ppgpsico.ufms.br\/en\/wp-json\/wp\/v2\/types\/page"}],"author":[{"embeddable":true,"href":"https:\/\/ppgpsico.ufms.br\/en\/wp-json\/wp\/v2\/users\/796"}],"replies":[{"embeddable":true,"href":"https:\/\/ppgpsico.ufms.br\/en\/wp-json\/wp\/v2\/comments?post=2734"}],"version-history":[{"count":9,"href":"https:\/\/ppgpsico.ufms.br\/en\/wp-json\/wp\/v2\/pages\/2734\/revisions"}],"predecessor-version":[{"id":2766,"href":"https:\/\/ppgpsico.ufms.br\/en\/wp-json\/wp\/v2\/pages\/2734\/revisions\/2766"}],"wp:attachment":[{"href":"https:\/\/ppgpsico.ufms.br\/en\/wp-json\/wp\/v2\/media?parent=2734"}],"wp:term":[{"taxonomy":"author","embeddable":true,"href":"https:\/\/ppgpsico.ufms.br\/en\/wp-json\/wp\/v2\/coauthors?post=2734"}],"curies":[{"name":"wp","href":"https:\/\/api.w.org\/{rel}","templated":true}]}}